{"id":7300,"date":"2024-09-15T22:53:14","date_gmt":"2024-09-15T22:53:14","guid":{"rendered":"https:\/\/pabloporras.com\/?page_id=7300"},"modified":"2024-09-24T18:22:19","modified_gmt":"2024-09-24T18:22:19","slug":"publicaciones","status":"publish","type":"page","link":"https:\/\/pabloporras.com\/?page_id=7300","title":{"rendered":"Publicaciones"},"content":{"rendered":"<p><div class=\"fusion-fullwidth fullwidth-box fusion-builder-row-1 fusion-flex-container has-pattern-background has-mask-background fusion-parallax-none nonhundred-percent-fullwidth non-hundred-percent-height-scrolling\" style=\"--awb-background-position:center top;--awb-border-radius-top-left:0px;--awb-border-radius-top-right:0px;--awb-border-radius-bottom-right:0px;--awb-border-radius-bottom-left:0px;--awb-padding-top:90px;--awb-padding-bottom:90px;--awb-padding-top-medium:45px;--awb-padding-bottom-medium:72px;--awb-background-color:rgba(3,140,140,0.74);--awb-background-image:linear-gradient(180deg, rgba(74,101,57,0.2) 0%,rgba(74,101,57,0.2) 100%),url(https:\/\/pabloporras.com\/wp-content\/uploads\/2022\/05\/IMG_0461.jpg);;--awb-background-size:cover;--awb-flex-wrap:wrap;\" ><div class=\"awb-background-mask\" style=\"background-image:  url(data:image\/svg+xml;utf8,%3Csvg%20width%3D%221920%22%20height%3D%22954%22%20fill%3D%22none%22%20xmlns%3D%22http%3A%2F%2Fwww.w3.org%2F2000%2Fsvg%22%3E%3Cg%20clip-path%3D%22url%28%23prefix__clip0_75_23245%29%22%3E%3Cpath%20fill-rule%3D%22evenodd%22%20clip-rule%3D%22evenodd%22%20d%3D%22M2351.91%20237.689l-852.66-492.288L1352.25%200H0v954h801.461l-.689%201.194%20852.668%20492.286%2010.79-18.7L841.885%20954h136.628l719.877%20415.62%2016.46-28.51L1044.35%20954h109.29l588.53%20339.79%2020.98-36.33L1237.53%20954h81.97l464.14%20267.97%2030.74-53.25L1442.47%20954h54.66l330.91%20191.06%2046.45-80.46L1682.93%20954h27.3l171.09%2098.78%2054.86-95.016-16.18-9.339v-7.881l19.59%2011.31%20412.32-714.165zM1920%20948.425l-836.49-482.948-54.86%2095.015L1710.23%20954H1920v-5.575zM1682.93%20954l-661.1-381.686-46.453%2080.454L1497.13%20954h185.8zm-240.46%200L961.712%20676.436l-30.743%2053.248L1319.5%20954h122.97zm-204.94%200L910.479%20765.174%20889.506%20801.5%201153.64%20954h83.89zm-193.18%200L862.184%20848.824l-16.46%2028.51L978.513%20954h65.837zm-202.465%200l-30.318-17.504L801.461%20954h40.424zM1920%20940.544l-833.08-480.978L1352.25%200H1920v940.544zm-307.55%20577.926l-852.666-492.28-6.215%2010.76%20852.671%20492.29%206.21-10.77zm-906.694-398.7l852.664%20492.28-2.6%204.51-852.663-492.29%202.599-4.5z%22%20fill%3D%22rgba%2855%2C89%2C79%2C1%29%22%2F%3E%3C%2Fg%3E%3Cdefs%3E%3CclipPath%20id%3D%22prefix__clip0_75_23245%22%3E%3Cpath%20fill%3D%22%23fff%22%20d%3D%22M0%200h1920v954H0z%22%2F%3E%3C%2FclipPath%3E%3C%2Fdefs%3E%3C%2Fsvg%3E);opacity: 1 ;transform: scale(1, -1);mix-blend-mode:normal;\"><\/div><div class=\"fusion-builder-row fusion-row fusion-flex-align-items-center fusion-flex-content-wrap\" style=\"max-width:1248px;margin-left: calc(-4% \/ 2 );margin-right: calc(-4% \/ 2 );\"><div class=\"fusion-layout-column fusion_builder_column fusion-builder-column-0 fusion_builder_column_2_3 2_3 fusion-flex-column fusion-animated\" style=\"--awb-bg-size:cover;--awb-width-large:66.666666666667%;--awb-margin-top-large:0px;--awb-spacing-right-large:9.36%;--awb-margin-bottom-large:0px;--awb-spacing-left-large:2.88%;--awb-width-medium:66.666666666667%;--awb-order-medium:0;--awb-spacing-right-medium:9.36%;--awb-spacing-left-medium:2.88%;--awb-width-small:100%;--awb-order-small:1;--awb-spacing-right-small:1.92%;--awb-spacing-left-small:1.92%;\" data-animationType=\"fadeInUp\" data-animationDuration=\"1.3\" data-animationOffset=\"top-into-view\" data-scroll-devices=\"small-visibility,medium-visibility,large-visibility\"><div class=\"fusion-column-wrapper fusion-column-has-shadow fusion-flex-justify-content-flex-start fusion-content-layout-column\"><div class=\"fusion-title title fusion-title-1 fusion-sep-none fusion-title-text fusion-title-size-two\" style=\"--awb-text-color:#ffffff;--awb-font-size:50px;\"><h2 class=\"fusion-title-heading title-heading-left\" style=\"font-family:&quot;Libre Bodoni&quot;;font-style:normal;font-weight:400;margin:0;font-size:1em;letter-spacing:var(--awb-typography1-letter-spacing);text-transform:var(--awb-typography1-text-transform);line-height:1.2;\">Publicaciones<\/h2><\/div><div class=\"fusion-text fusion-text-1 fusion-text-no-margin\" style=\"--awb-font-size:16px;--awb-line-height:1.6;--awb-letter-spacing:var(--awb-typography4-letter-spacing);--awb-text-transform:var(--awb-typography4-text-transform);--awb-text-color:#ffffff;--awb-margin-right:25%;--awb-text-font-family:&quot;Roboto Flex&quot;;--awb-text-font-style:normal;--awb-text-font-weight:400;\"><p>Si esta interesado en adquir alguna de nuestras publicaciones, por favor comuniquese con nosotros.<\/p>\n<\/div><div ><a class=\"fusion-button button-flat fusion-button-default-size button-custom fusion-button-default button-1 fusion-button-default-span \" style=\"--button_accent_color:#025159;--button_border_color:#025159;--button_accent_hover_color:var(--awb-color1);--button_border_hover_color:var(--awb-color1);--button_gradient_top_color:#04bfbf;--button_gradient_bottom_color:#04bfbf;--button_gradient_top_color_hover:hsla(var(--awb-color5-h),calc(var(--awb-color5-s) - 5%),calc(var(--awb-color5-l) - 10%),var(--awb-color5-a));--button_gradient_bottom_color_hover:hsla(var(--awb-color5-h),calc(var(--awb-color5-s) - 5%),calc(var(--awb-color5-l) - 10%),var(--awb-color5-a));\" target=\"_self\" href=\"https:\/\/pabloporras.com\/?page_id=24\"><span class=\"fusion-button-text\">CONTACTENOS<\/span><\/a><\/div><\/div><\/div><\/div><\/div><div class=\"fusion-fullwidth fullwidth-box fusion-builder-row-2 fusion-flex-container has-pattern-background has-mask-background nonhundred-percent-fullwidth non-hundred-percent-height-scrolling\" style=\"--awb-border-radius-top-left:0px;--awb-border-radius-top-right:0px;--awb-border-radius-bottom-right:0px;--awb-border-radius-bottom-left:0px;--awb-padding-top:80px;--awb-padding-bottom:80px;--awb-padding-top-small:0px;--awb-flex-wrap:wrap;\" ><div class=\"fusion-builder-row fusion-row fusion-flex-align-items-flex-start fusion-flex-content-wrap\" style=\"max-width:calc( 1200px + 110px );margin-left: calc(-110px \/ 2 );margin-right: calc(-110px \/ 2 );\"><div class=\"fusion-layout-column fusion_builder_column fusion-builder-column-1 fusion_builder_column_1_4 1_4 fusion-flex-column\" style=\"--awb-padding-top:100px;--awb-bg-size:cover;--awb-width-large:25%;--awb-margin-top-large:0px;--awb-spacing-right-large:55px;--awb-margin-bottom-large:20px;--awb-spacing-left-large:55px;--awb-width-medium:25%;--awb-order-medium:0;--awb-spacing-right-medium:55px;--awb-spacing-left-medium:55px;--awb-width-small:100%;--awb-order-small:0;--awb-spacing-right-small:55px;--awb-spacing-left-small:55px;\" data-scroll-devices=\"small-visibility,medium-visibility,large-visibility\"><div class=\"fusion-column-wrapper fusion-column-has-shadow fusion-flex-justify-content-flex-start fusion-content-layout-column\"><div class=\"fusion-text fusion-text-2\"><p><span style=\"font-size: 14pt;\"><strong>LA RUTA LIBERTADORA EN BICICLETA, <\/strong>200 a\u00f1os de olvido. <\/span><span style=\"font-size: 14pt;\">Premio cr\u00f3nica Beca Bicentenario del Departamento de Santander. Es un libro de cr\u00f3nica de viaje realizado en el a\u00f1o 2019 con el prop\u00f3sito de replicar los pasos de la gesta libertadora en el a\u00f1o de la celebraci\u00f3n del Bicentenario de nuestra independencia, desde Arauca hasta el puente de Boyac\u00e1.<\/span><\/p>\n<p>&nbsp;<\/p>\n<\/div><\/div><\/div><div class=\"fusion-layout-column fusion_builder_column fusion-builder-column-2 fusion_builder_column_3_4 3_4 fusion-flex-column\" style=\"--awb-bg-size:cover;--awb-width-large:75%;--awb-margin-top-large:10px;--awb-spacing-right-large:55px;--awb-margin-bottom-large:0px;--awb-spacing-left-large:55px;--awb-width-medium:66.666666666667%;--awb-order-medium:0;--awb-spacing-right-medium:55px;--awb-spacing-left-medium:55px;--awb-width-small:100%;--awb-order-small:0;--awb-spacing-right-small:55px;--awb-spacing-left-small:55px;\"><div class=\"fusion-column-wrapper fusion-column-has-shadow fusion-flex-justify-content-flex-start fusion-content-layout-column\"><div class=\"fusion-title title fusion-title-2 fusion-sep-none fusion-title-text fusion-title-size-two\"><h2 class=\"fusion-title-heading title-heading-left\" style=\"margin:0;\"><span style=\"color: #025100; font-size: 18pt;\">LA RUTA LIBERTADORA EN BICICLETA<\/span><\/h2><\/div><a href=\"https:\/\/pabloporras.com\/wp-content\/uploads\/2024\/09\/laRuta.pdf\" class=\"pdfemb-viewer\" style=\"\" data-width=\"max\" data-height=\"max\" data-toolbar=\"bottom\" data-toolbar-fixed=\"off\">laRuta<\/a><\/div><\/div><\/div><\/div><div class=\"fusion-fullwidth fullwidth-box fusion-builder-row-3 fusion-flex-container has-pattern-background has-mask-background nonhundred-percent-fullwidth non-hundred-percent-height-scrolling\" style=\"--awb-border-radius-top-left:0px;--awb-border-radius-top-right:0px;--awb-border-radius-bottom-right:0px;--awb-border-radius-bottom-left:0px;--awb-padding-top:80px;--awb-padding-bottom:80px;--awb-padding-top-small:0px;--awb-flex-wrap:wrap;\" ><div class=\"fusion-builder-row fusion-row fusion-flex-align-items-flex-start fusion-flex-content-wrap\" style=\"max-width:calc( 1200px + 110px );margin-left: calc(-110px \/ 2 );margin-right: calc(-110px \/ 2 );\"><div class=\"fusion-layout-column fusion_builder_column fusion-builder-column-3 fusion_builder_column_1_4 1_4 fusion-flex-column\" style=\"--awb-padding-top:100px;--awb-bg-size:cover;--awb-width-large:25%;--awb-margin-top-large:0px;--awb-spacing-right-large:55px;--awb-margin-bottom-large:20px;--awb-spacing-left-large:55px;--awb-width-medium:25%;--awb-order-medium:0;--awb-spacing-right-medium:55px;--awb-spacing-left-medium:55px;--awb-width-small:100%;--awb-order-small:0;--awb-spacing-right-small:55px;--awb-spacing-left-small:55px;\" data-scroll-devices=\"small-visibility,medium-visibility,large-visibility\"><div class=\"fusion-column-wrapper fusion-column-has-shadow fusion-flex-justify-content-flex-start fusion-content-layout-column\"><div class=\"fusion-text fusion-text-3\"><p><span style=\"font-size: 14pt;\"><strong>KAYAKEANDO EL MAGDALENA<\/strong>, la ruta larga a Nueva Venecia. Es el segundo libro, impreso en el a\u00f1o 2022, que relata a trav\u00e9s de im\u00e1genes el registro del d\u00eda a d\u00eda de la traves\u00eda de descenso desde Simit\u00ed sur de Bol\u00edvar hasta el pueblo palaf\u00edtico de Nueva Venecia en la Ci\u00e9naga Grande del Magdalena, en compa\u00f1\u00eda de dos canadienses.<\/span><\/p>\n<\/div><\/div><\/div><div class=\"fusion-layout-column fusion_builder_column fusion-builder-column-4 fusion_builder_column_3_4 3_4 fusion-flex-column\" style=\"--awb-bg-size:cover;--awb-width-large:75%;--awb-margin-top-large:10px;--awb-spacing-right-large:55px;--awb-margin-bottom-large:0px;--awb-spacing-left-large:55px;--awb-width-medium:66.666666666667%;--awb-order-medium:0;--awb-spacing-right-medium:55px;--awb-spacing-left-medium:55px;--awb-width-small:100%;--awb-order-small:0;--awb-spacing-right-small:55px;--awb-spacing-left-small:55px;\"><div class=\"fusion-column-wrapper fusion-column-has-shadow fusion-flex-justify-content-flex-start fusion-content-layout-column\"><div class=\"fusion-title title fusion-title-3 fusion-sep-none fusion-title-text fusion-title-size-two\"><h2 class=\"fusion-title-heading title-heading-left\" style=\"margin:0;\"><span style=\"color: #025100; font-size: 18pt;\">KAYAKEANDO EL MAGDALENA<\/span><\/h2><\/div><a href=\"https:\/\/pabloporras.com\/wp-content\/uploads\/2024\/09\/KAYAKEANDO.pdf\" class=\"pdfemb-viewer\" style=\"\" data-width=\"max\" data-height=\"max\" data-toolbar=\"bottom\" data-toolbar-fixed=\"off\">KAYAKEANDO<\/a><\/div><\/div><\/div><\/div><div class=\"fusion-fullwidth fullwidth-box fusion-builder-row-4 fusion-flex-container has-pattern-background has-mask-background nonhundred-percent-fullwidth non-hundred-percent-height-scrolling\" style=\"--awb-border-radius-top-left:0px;--awb-border-radius-top-right:0px;--awb-border-radius-bottom-right:0px;--awb-border-radius-bottom-left:0px;--awb-padding-top:80px;--awb-padding-bottom:80px;--awb-padding-top-small:0px;--awb-flex-wrap:wrap;\" ><div class=\"fusion-builder-row fusion-row fusion-flex-align-items-flex-start fusion-flex-content-wrap\" style=\"max-width:calc( 1200px + 110px );margin-left: calc(-110px \/ 2 );margin-right: calc(-110px \/ 2 );\"><div class=\"fusion-layout-column fusion_builder_column fusion-builder-column-5 fusion_builder_column_1_4 1_4 fusion-flex-column\" style=\"--awb-padding-top:100px;--awb-bg-size:cover;--awb-width-large:25%;--awb-margin-top-large:0px;--awb-spacing-right-large:55px;--awb-margin-bottom-large:20px;--awb-spacing-left-large:55px;--awb-width-medium:25%;--awb-order-medium:0;--awb-spacing-right-medium:55px;--awb-spacing-left-medium:55px;--awb-width-small:100%;--awb-order-small:0;--awb-spacing-right-small:55px;--awb-spacing-left-small:55px;\" data-scroll-devices=\"small-visibility,medium-visibility,large-visibility\"><div class=\"fusion-column-wrapper fusion-column-has-shadow fusion-flex-justify-content-flex-start fusion-content-layout-column\"><div class=\"fusion-text fusion-text-4\"><p><span style=\"font-size: 14pt;\"><strong>SELVIANDO<\/strong>, del Guaviare al Vaup\u00e9s. Es un libro impreso, que relata a trav\u00e9s de im\u00e1genes el registro d\u00eda a d\u00eda de la traves\u00eda desde San Jos\u00e9 del Guaviare hasta Mit\u00fa en el departamento del Vaup\u00e9s navegando por su gran r\u00edo, en compa\u00f1\u00eda del Holand\u00e9s Erik Rupert y su familia. Una traves\u00eda por la vibrante luz de la profunda selva.<\/span><\/p>\n<\/div><\/div><\/div><div class=\"fusion-layout-column fusion_builder_column fusion-builder-column-6 fusion_builder_column_3_4 3_4 fusion-flex-column\" style=\"--awb-bg-size:cover;--awb-width-large:75%;--awb-margin-top-large:10px;--awb-spacing-right-large:55px;--awb-margin-bottom-large:0px;--awb-spacing-left-large:55px;--awb-width-medium:66.666666666667%;--awb-order-medium:0;--awb-spacing-right-medium:55px;--awb-spacing-left-medium:55px;--awb-width-small:100%;--awb-order-small:0;--awb-spacing-right-small:55px;--awb-spacing-left-small:55px;\"><div class=\"fusion-column-wrapper fusion-column-has-shadow fusion-flex-justify-content-flex-start fusion-content-layout-column\"><div class=\"fusion-title title fusion-title-4 fusion-sep-none fusion-title-text fusion-title-size-two\"><h2 class=\"fusion-title-heading title-heading-left\" style=\"margin:0;\"><span style=\"color: #025100; font-size: 18pt;\">SELVIANDO<\/span><\/h2><\/div><a href=\"https:\/\/pabloporras.com\/wp-content\/uploads\/2024\/09\/selviando.pdf\" class=\"pdfemb-viewer\" style=\"\" data-width=\"max\" data-height=\"max\" data-toolbar=\"bottom\" data-toolbar-fixed=\"off\">selviando<\/a><\/div><\/div><\/div><\/div><div class=\"fusion-fullwidth fullwidth-box fusion-builder-row-5 fusion-flex-container has-pattern-background has-mask-background nonhundred-percent-fullwidth non-hundred-percent-height-scrolling\" style=\"--awb-border-radius-top-left:0px;--awb-border-radius-top-right:0px;--awb-border-radius-bottom-right:0px;--awb-border-radius-bottom-left:0px;--awb-padding-top:80px;--awb-padding-bottom:80px;--awb-padding-top-small:0px;--awb-flex-wrap:wrap;\" ><div class=\"fusion-builder-row fusion-row fusion-flex-align-items-flex-start fusion-flex-content-wrap\" style=\"max-width:calc( 1200px + 110px );margin-left: calc(-110px \/ 2 );margin-right: calc(-110px \/ 2 );\"><div class=\"fusion-layout-column fusion_builder_column fusion-builder-column-7 fusion_builder_column_1_4 1_4 fusion-flex-column\" style=\"--awb-padding-top:100px;--awb-bg-size:cover;--awb-width-large:25%;--awb-margin-top-large:0px;--awb-spacing-right-large:55px;--awb-margin-bottom-large:20px;--awb-spacing-left-large:55px;--awb-width-medium:25%;--awb-order-medium:0;--awb-spacing-right-medium:55px;--awb-spacing-left-medium:55px;--awb-width-small:100%;--awb-order-small:0;--awb-spacing-right-small:55px;--awb-spacing-left-small:55px;\" data-scroll-devices=\"small-visibility,medium-visibility,large-visibility\"><div class=\"fusion-column-wrapper fusion-column-has-shadow fusion-flex-justify-content-flex-start fusion-content-layout-column\"><div class=\"fusion-text fusion-text-5\"><p><span style=\"font-size: 14pt;\"><strong>amaSOSnas<\/strong>, la agon\u00eda de un r\u00edo. Es la cr\u00f3nica de 22 d\u00edas de viaje desde Iquitos a Leticia en un llamado de auxilio del pulm\u00f3n del mundo. La contaminaci\u00f3n h\u00eddrica es sin lugar a dudas, el mayor problema al que se enfrentan los nacientes poblados ribere\u00f1os donde treinta millones de personas impactan el r\u00edo directamente con sus residuos.<\/span><\/p>\n<\/div><\/div><\/div><div class=\"fusion-layout-column fusion_builder_column fusion-builder-column-8 fusion_builder_column_3_4 3_4 fusion-flex-column\" style=\"--awb-bg-size:cover;--awb-width-large:75%;--awb-margin-top-large:10px;--awb-spacing-right-large:55px;--awb-margin-bottom-large:0px;--awb-spacing-left-large:55px;--awb-width-medium:66.666666666667%;--awb-order-medium:0;--awb-spacing-right-medium:55px;--awb-spacing-left-medium:55px;--awb-width-small:100%;--awb-order-small:0;--awb-spacing-right-small:55px;--awb-spacing-left-small:55px;\"><div class=\"fusion-column-wrapper fusion-column-has-shadow fusion-flex-justify-content-flex-start fusion-content-layout-column\"><div class=\"fusion-title title fusion-title-5 fusion-sep-none fusion-title-text fusion-title-size-two\"><h2 class=\"fusion-title-heading title-heading-left\" style=\"margin:0;\"><span style=\"color: #025100; font-size: 18pt;\"><span style=\"color: #333333;\">amaSOSnas<\/span><\/span><\/h2><\/div><a href=\"https:\/\/pabloporras.com\/wp-content\/uploads\/2024\/09\/amaSOSnas.pdf\" class=\"pdfemb-viewer\" style=\"\" data-width=\"max\" data-height=\"max\" data-toolbar=\"bottom\" data-toolbar-fixed=\"off\">amaSOSnas<\/a><\/div><\/div><\/div><\/div><\/p>\n","protected":false},"excerpt":{"rendered":"","protected":false},"author":3,"featured_media":0,"parent":0,"menu_order":0,"comment_status":"closed","ping_status":"closed","template":"100-width.php","meta":{"ngg_post_thumbnail":0,"footnotes":""},"class_list":["post-7300","page","type-page","status-publish","hentry"],"_links":{"self":[{"href":"https:\/\/pabloporras.com\/index.php?rest_route=\/wp\/v2\/pages\/7300","targetHints":{"allow":["GET"]}}],"collection":[{"href":"https:\/\/pabloporras.com\/index.php?rest_route=\/wp\/v2\/pages"}],"about":[{"href":"https:\/\/pabloporras.com\/index.php?rest_route=\/wp\/v2\/types\/page"}],"author":[{"embeddable":true,"href":"https:\/\/pabloporras.com\/index.php?rest_route=\/wp\/v2\/users\/3"}],"replies":[{"embeddable":true,"href":"https:\/\/pabloporras.com\/index.php?rest_route=%2Fwp%2Fv2%2Fcomments&post=7300"}],"version-history":[{"count":51,"href":"https:\/\/pabloporras.com\/index.php?rest_route=\/wp\/v2\/pages\/7300\/revisions"}],"predecessor-version":[{"id":7422,"href":"https:\/\/pabloporras.com\/index.php?rest_route=\/wp\/v2\/pages\/7300\/revisions\/7422"}],"wp:attachment":[{"href":"https:\/\/pabloporras.com\/index.php?rest_route=%2Fwp%2Fv2%2Fmedia&parent=7300"}],"curies":[{"name":"wp","href":"https:\/\/api.w.org\/{rel}","templated":true}]}}